{"id":35468,"date":"2025-07-18T07:12:28","date_gmt":"2025-07-18T07:12:28","guid":{"rendered":"https:\/\/utlitslaekning.is\/thakka-ther-fyrir\/"},"modified":"2025-07-18T07:16:17","modified_gmt":"2025-07-18T07:16:17","slug":"thakka-ther-fyrir","status":"publish","type":"page","link":"https:\/\/utlitslaekning.is\/en\/thakka-ther-fyrir\/","title":{"rendered":"\u00deakka \u00fe\u00e9r fyrir"},"content":{"rendered":"<h1 style=\"text-align: center;\">\u00deakka \u00fe\u00e9r fyrir&nbsp;&nbsp;<\/h1>\n<p style=\"text-align: center;\">\u00deakka \u00fe\u00e9r fyrir a\u00f0 hafa samband vi\u00f0 okkur. Teymi\u00f0 okkar mun hafa samband vi\u00f0 \u00feig flj\u00f3tlega.&nbsp;<\/p>\n","protected":false},"excerpt":{"rendered":"<p>\u00deakka \u00fe\u00e9r fyrir&nbsp;&nbsp; \u00deakka \u00fe\u00e9r fyrir a\u00f0 hafa samband vi\u00f0 okkur. Teymi\u00f0 okkar mun hafa samband vi\u00f0 \u00feig flj\u00f3tlega.&nbsp;<\/p>\n","protected":false},"author":11,"featured_media":0,"parent":0,"menu_order":0,"comment_status":"closed","ping_status":"closed","template":"","meta":{"ngg_post_thumbnail":0,"footnotes":""},"class_list":["post-35468","page","type-page","status-publish"],"_links":{"self":[{"href":"https:\/\/utlitslaekning.is\/en\/wp-json\/wp\/v2\/pages\/35468","targetHints":{"allow":["GET"]}}],"collection":[{"href":"https:\/\/utlitslaekning.is\/en\/wp-json\/wp\/v2\/pages"}],"about":[{"href":"https:\/\/utlitslaekning.is\/en\/wp-json\/wp\/v2\/types\/page"}],"author":[{"embeddable":true,"href":"https:\/\/utlitslaekning.is\/en\/wp-json\/wp\/v2\/users\/11"}],"replies":[{"embeddable":true,"href":"https:\/\/utlitslaekning.is\/en\/wp-json\/wp\/v2\/comments?post=35468"}],"version-history":[{"count":0,"href":"https:\/\/utlitslaekning.is\/en\/wp-json\/wp\/v2\/pages\/35468\/revisions"}],"wp:attachment":[{"href":"https:\/\/utlitslaekning.is\/en\/wp-json\/wp\/v2\/media?parent=35468"}],"curies":[{"name":"wp","href":"https:\/\/api.w.org\/{rel}","templated":true}]}}